{"id":14028,"date":"2025-06-17T09:35:23","date_gmt":"2025-06-17T07:35:23","guid":{"rendered":"https:\/\/wh25.chill4.com\/momenti\/"},"modified":"2025-12-02T20:35:37","modified_gmt":"2025-12-02T19:35:37","slug":"momenti","status":"publish","type":"page","link":"https:\/\/wh25.chill4.com\/it\/momenti\/","title":{"rendered":"Momenti"},"content":{"rendered":"\t\t<div data-elementor-type=\"wp-post\" data-elementor-id=\"14028\" class=\"elementor elementor-14028 elementor-9651\" data-elementor-post-type=\"page\">\n\t\t\t\t<div class=\"elementor-element elementor-element-cc3a58d e-flex e-con-boxed e-con e-parent\" data-id=\"cc3a58d\" data-element_type=\"container\" data-settings=\"{&quot;background_background&quot;:&quot;classic&quot;}\">\n\t\t\t\t\t<div class=\"e-con-inner\">\n\t\t\t\t<div class=\"elementor-element elementor-element-93ab6d3 elementor-widget__width-initial elementor-widget elementor-widget-heading\" data-id=\"93ab6d3\" data-element_type=\"widget\" data-widget_type=\"heading.default\">\n\t\t\t\t\t<h2 class=\"elementor-heading-title elementor-size-default\">I momenti di Wynfrid<\/h2>\t\t\t\t<\/div>\n\t\t\t\t\t<\/div>\n\t\t\t\t<\/div>\n\t\t<div class=\"elementor-element elementor-element-db40302 e-flex e-con-boxed e-con e-parent\" data-id=\"db40302\" data-element_type=\"container\" data-settings=\"{&quot;background_background&quot;:&quot;classic&quot;}\">\n\t\t\t\t\t<div class=\"e-con-inner\">\n\t\t<div class=\"elementor-element elementor-element-d4e69cf e-con-full e-flex e-con e-child\" data-id=\"d4e69cf\" data-element_type=\"container\">\n\t\t\t\t<div class=\"elementor-element elementor-element-3f5f7ce elementor-widget elementor-widget-eael-svg-draw\" data-id=\"3f5f7ce\" data-element_type=\"widget\" data-widget_type=\"eael-svg-draw.default\">\n\t\t\t\t\t<div class=\"eael-svg-draw-container page-scroll \" data-settings=\"{&quot;fill_type&quot;:&quot;after&quot;,&quot;fill_color&quot;:&quot;#20295B&quot;,&quot;start_point&quot;:&quot;95%&quot;,&quot;end_point&quot;:&quot;25%&quot;,&quot;marker&quot;:false,&quot;loop&quot;:&quot;no&quot;,&quot;loop_delay&quot;:1.5,&quot;pause&quot;:&quot;no&quot;,&quot;direction&quot;:&quot;&quot;,&quot;excludeStyle&quot;:&quot;&quot;,&quot;transition&quot;:&quot;1&quot;,&quot;stroke_length&quot;:&quot;100&quot;,&quot;ease_type&quot;:&quot;none&quot;,&quot;speed&quot;:1}\"><svg class='svg-inline--fas-fa-pen-nib  eael-svg-icon' aria-hidden='true' role='img' xmlns='http:\/\/www.w3.org\/2000\/svg' viewBox='0 0 512 512'><path fill='' d='M136.6 138.79a64.003 64.003 0 0 0-43.31 41.35L0 460l14.69 14.69L164.8 324.58c-2.99-6.26-4.8-13.18-4.8-20.58 0-26.51 21.49-48 48-48s48 21.49 48 48-21.49 48-48 48c-7.4 0-14.32-1.81-20.58-4.8L37.31 497.31 52 512l279.86-93.29a64.003 64.003 0 0 0 41.35-43.31L416 224 288 96l-151.4 42.79zm361.34-64.62l-60.11-60.11c-18.75-18.75-49.16-18.75-67.91 0l-56.55 56.55 128.02 128.02 56.55-56.55c18.75-18.75 18.75-49.15 0-67.91z'><\/path><\/svg> <\/div>\t\t\t\t<\/div>\n\t\t\t\t<div class=\"elementor-element elementor-element-59dc1be1 elementor-widget__width-inherit animated-fast elementor-widget elementor-widget-heading\" data-id=\"59dc1be1\" data-element_type=\"widget\" data-settings=\"{&quot;_animation&quot;:&quot;none&quot;}\" data-widget_type=\"heading.default\">\n\t\t\t\t\t<h2 class=\"elementor-heading-title elementor-size-default\">Storie dalla <span style=\"color: #7AC2D7\">Wynfrid House.<\/span><\/h2>\t\t\t\t<\/div>\n\t\t\t\t<div class=\"elementor-element elementor-element-4821062 elementor-widget__width-initial elementor-widget-tablet__width-initial elementor-widget-mobile__width-inherit elementor-widget elementor-widget-text-editor\" data-id=\"4821062\" data-element_type=\"widget\" data-widget_type=\"text-editor.default\">\n\t\t\t\t\t\t\t\t\t<p>Qui condividiamo pensieri, storie e piccoli momenti dalla Wynfrid House \u2013 a volte seri, a volte allegri, ma sempre direttamente dalla nostra vita quotidiana a Whitechapel.<\/p>\t\t\t\t\t\t\t\t<\/div>\n\t\t\t\t<div class=\"elementor-element elementor-element-fae05d4 elementor-widget__width-inherit elementor-widget elementor-widget-eael-post-timeline\" data-id=\"fae05d4\" data-element_type=\"widget\" data-widget_type=\"eael-post-timeline.default\">\n\t\t\t\t\t<div id=\"eael-post-timeline-fae05d4\" class=\"eael-post-timeline timeline-layout-card eael-post-timeline-arrow-middle\">\n            <div class=\"eael-post-timeline eael-post-appender eael-post-appender-fae05d4\"><article class=\"eael-timeline-post\">\n    <div class=\"eael-timeline-bullet\"><\/div>\n    <div class=\"eael-timeline-post-inner\">\n        <a class=\"eael-timeline-post-link\" href=\"https:\/\/wh25.chill4.com\/it\/auguri-di-pasqua-2025\/\" title=\"Auguri di Pasqua 2025\">\n            <time datetime=\"20. Aprile 2025\">20. Aprile 2025<\/time>\n            <div class=\"eael-timeline-post-image\" style=\"background-image: url(https:\/\/wh25.chill4.com\/wp-content\/uploads\/Ostern_2025_Cover-980x378.webp)\"><\/div><div class=\"eael-timeline-content\"><div class=\"eael-timeline-post-title\">\n\t\t                    <h2 class=\"eael-timeline-post-title-text\">Auguri di Pasqua 2025<\/h2>\n\t\t                <\/div><div class=\"eael-timeline-post-excerpt\"><p>Cari saluti da Whitechapel! Sono le sette e mezza del mattino, sono in cucina come spesso accade, e il caff\u00e8 scende un po&#039; troppo lentamente. Un ospite dall&#039;Italia...<\/p><\/div><\/div><\/a>\n    <\/div>\n    <div class=\"eael-timeline-clear\"><\/div>\n<\/article><article class=\"eael-timeline-post\">\n    <div class=\"eael-timeline-bullet\"><\/div>\n    <div class=\"eael-timeline-post-inner\">\n        <a class=\"eael-timeline-post-link\" href=\"https:\/\/wh25.chill4.com\/it\/pensieri-di-natale-2024\/\" title=\"Pensieri di Natale 2024\">\n            <time datetime=\"23. Dicembre 2024\">23. Dicembre 2024<\/time>\n            <div class=\"eael-timeline-post-image\" style=\"background-image: url(https:\/\/wh25.chill4.com\/wp-content\/uploads\/Tower_Bridge_christmas_2024-980x379.webp)\"><\/div><div class=\"eael-timeline-content\"><div class=\"eael-timeline-post-title\">\n\t\t                    <h2 class=\"eael-timeline-post-title-text\">Pensieri di Natale 2024<\/h2>\n\t\t                <\/div><div class=\"eael-timeline-post-excerpt\"><p>Un anno di cambiamenti e calore: al Wynfrid House celebriamo il Natale con nuove camere, sincera cordialit\u00e0 e porte aperte per l&#039;anima.<\/p><\/div><\/div><\/a>\n    <\/div>\n    <div class=\"eael-timeline-clear\"><\/div>\n<\/article><article class=\"eael-timeline-post\">\n    <div class=\"eael-timeline-bullet\"><\/div>\n    <div class=\"eael-timeline-post-inner\">\n        <a class=\"eael-timeline-post-link\" href=\"https:\/\/wh25.chill4.com\/it\/iniziamo-lanno-2025\/\" title=\"Iniziamo l&#039;anno 2025!\">\n            <time datetime=\"24. Settembre 2024\">24. Settembre 2024<\/time>\n            <div class=\"eael-timeline-post-image\" style=\"background-image: url(https:\/\/wh25.chill4.com\/wp-content\/uploads\/opening_2025-980x376.webp)\"><\/div><div class=\"eael-timeline-content\"><div class=\"eael-timeline-post-title\">\n\t\t                    <h2 class=\"eael-timeline-post-title-text\">Iniziamo l'anno 2025!<\/h2>\n\t\t                <\/div><div class=\"eael-timeline-post-excerpt\"><p>Prenota nuove camere e appartamenti al Wynfrid House London \u2013 2025 gi\u00e0 disponibile. Camere con bagno privato, camere per gruppi e vera ospitalit\u00e0.<\/p><\/div><\/div><\/a>\n    <\/div>\n    <div class=\"eael-timeline-clear\"><\/div>\n<\/article><\/div>\n\t\t<\/div>\t\t\t\t<\/div>\n\t\t\t\t<\/div>\n\t\t\t\t\t<\/div>\n\t\t\t\t<\/div>\n\t\t<div class=\"elementor-element elementor-element-469f0b3 e-flex e-con-boxed e-con e-parent\" data-id=\"469f0b3\" data-element_type=\"container\" data-settings=\"{&quot;background_background&quot;:&quot;classic&quot;,&quot;shape_divider_bottom&quot;:&quot;tilt&quot;}\">\n\t\t\t\t\t<div class=\"e-con-inner\">\n\t\t\t\t<div class=\"elementor-shape elementor-shape-bottom\" aria-hidden=\"true\" data-negative=\"false\">\n\t\t\t<svg xmlns=\"http:\/\/www.w3.org\/2000\/svg\" viewBox=\"0 0 1000 100\" preserveAspectRatio=\"none\">\n\t<path class=\"elementor-shape-fill\" d=\"M0,6V0h1000v100L0,6z\"\/>\n<\/svg>\t\t<\/div>\n\t\t<div class=\"elementor-element elementor-element-6fe8bcf e-con-full e-flex e-con e-child\" data-id=\"6fe8bcf\" data-element_type=\"container\">\n\t\t\t\t<div class=\"elementor-element elementor-element-d6244f3 elementor-widget-tablet__width-inherit e-transform elementor-invisible elementor-widget elementor-widget-heading\" data-id=\"d6244f3\" data-element_type=\"widget\" data-settings=\"{&quot;_animation&quot;:&quot;fadeIn&quot;,&quot;_animation_mobile&quot;:&quot;fadeIn&quot;,&quot;_transform_rotateZ_effect&quot;:{&quot;unit&quot;:&quot;px&quot;,&quot;size&quot;:-2,&quot;sizes&quot;:[]},&quot;_transform_rotateZ_effect_tablet&quot;:{&quot;unit&quot;:&quot;deg&quot;,&quot;size&quot;:&quot;&quot;,&quot;sizes&quot;:[]},&quot;_transform_rotateZ_effect_mobile&quot;:{&quot;unit&quot;:&quot;deg&quot;,&quot;size&quot;:&quot;&quot;,&quot;sizes&quot;:[]}}\" data-widget_type=\"heading.default\">\n\t\t\t\t\t<h2 class=\"elementor-heading-title elementor-size-default\">Ti \u00e8 venuta voglia di Londra?<\/h2>\t\t\t\t<\/div>\n\t\t\t\t<div class=\"elementor-element elementor-element-c7d1457 elementor-invisible elementor-widget elementor-widget-heading\" data-id=\"c7d1457\" data-element_type=\"widget\" data-settings=\"{&quot;_animation&quot;:&quot;fadeIn&quot;}\" data-widget_type=\"heading.default\">\n\t\t\t\t\t<h2 class=\"elementor-heading-title elementor-size-default\">Troviamo la <span style=\"color: #7AC2D7\">tua camera.<\/span><\/h2>\t\t\t\t<\/div>\n\t\t\t\t<div class=\"elementor-element elementor-element-8eff404 elementor-invisible elementor-widget elementor-widget-text-editor\" data-id=\"8eff404\" data-element_type=\"widget\" data-settings=\"{&quot;_animation&quot;:&quot;fadeIn&quot;,&quot;_animation_delay&quot;:200}\" data-widget_type=\"text-editor.default\">\n\t\t\t\t\t\t\t\t\t<p>Una classica camera d'ostello economica con bagno in comune?<\/p><p>Oppure preferisci il comfort di un bagno privato in una delle nostre camere con bagno privato?<\/p><p>Oppure viaggiate in gruppo e avete bisogno di un'intera camerata?<\/p>\t\t\t\t\t\t\t\t<\/div>\n\t\t<div class=\"elementor-element elementor-element-82beed9 e-con-full e-flex e-con e-child\" data-id=\"82beed9\" data-element_type=\"container\">\n\t\t\t\t<div class=\"elementor-element elementor-element-9b58212 elementor-widget__width-auto elementor-invisible elementor-widget elementor-widget-button\" data-id=\"9b58212\" data-element_type=\"widget\" data-settings=\"{&quot;_animation&quot;:&quot;fadeIn&quot;,&quot;_animation_delay&quot;:100}\" data-widget_type=\"button.default\">\n\t\t\t\t\t\t\t\t\t\t<a class=\"elementor-button elementor-button-link elementor-size-sm\" href=\"https:\/\/wh25.chill4.com\/it\/camere-con-bagno-privato\/\">\n\t\t\t\t\t\t<span class=\"elementor-button-content-wrapper\">\n\t\t\t\t\t\t\t\t\t<span class=\"elementor-button-text\">Suite con bagno<\/span>\n\t\t\t\t\t<\/span>\n\t\t\t\t\t<\/a>\n\t\t\t\t\t\t\t\t<\/div>\n\t\t\t\t<div class=\"elementor-element elementor-element-d8ed998 elementor-widget__width-auto elementor-invisible elementor-widget elementor-widget-button\" data-id=\"d8ed998\" data-element_type=\"widget\" data-settings=\"{&quot;_animation&quot;:&quot;fadeIn&quot;,&quot;_animation_delay&quot;:200}\" data-widget_type=\"button.default\">\n\t\t\t\t\t\t\t\t\t\t<a class=\"elementor-button elementor-button-link elementor-size-sm\" href=\"https:\/\/wh25.chill4.com\/it\/camere-con-bagno-in-comune\/\">\n\t\t\t\t\t\t<span class=\"elementor-button-content-wrapper\">\n\t\t\t\t\t\t\t\t\t<span class=\"elementor-button-text\">Camere senza bagno<\/span>\n\t\t\t\t\t<\/span>\n\t\t\t\t\t<\/a>\n\t\t\t\t\t\t\t\t<\/div>\n\t\t\t\t<div class=\"elementor-element elementor-element-ec9a695 elementor-widget__width-auto elementor-invisible elementor-widget elementor-widget-button\" data-id=\"ec9a695\" data-element_type=\"widget\" data-settings=\"{&quot;_animation&quot;:&quot;fadeIn&quot;,&quot;_animation_delay&quot;:300}\" data-widget_type=\"button.default\">\n\t\t\t\t\t\t\t\t\t\t<a class=\"elementor-button elementor-button-link elementor-size-sm\" href=\"https:\/\/wh25.chill4.com\/it\/dormitori\/\">\n\t\t\t\t\t\t<span class=\"elementor-button-content-wrapper\">\n\t\t\t\t\t\t\t\t\t<span class=\"elementor-button-text\">I dormitori<\/span>\n\t\t\t\t\t<\/span>\n\t\t\t\t\t<\/a>\n\t\t\t\t\t\t\t\t<\/div>\n\t\t\t\t<\/div>\n\t\t\t\t<\/div>\n\t\t<div class=\"elementor-element elementor-element-ec0fb63 e-con-full animated-slow e-flex elementor-invisible e-con e-child\" data-id=\"ec0fb63\" data-element_type=\"container\" data-settings=\"{&quot;background_background&quot;:&quot;classic&quot;,&quot;animation&quot;:&quot;fadeIn&quot;}\">\n\t\t\t\t<\/div>\n\t\t\t\t\t<\/div>\n\t\t\t\t<\/div>\n\t\t\t\t<\/div>\n\t\t","protected":false},"excerpt":{"rendered":"<p>Pensieri, saluti e storie dalla Wynfrid House \u2013 direttamente dall'host. Personale, cordiale, onesto. Festivit\u00e0, ricordi e novit\u00e0 dall'ostello pi\u00f9 bello di Londra.  <\/p>\n","protected":false},"author":1,"featured_media":0,"parent":0,"menu_order":0,"comment_status":"closed","ping_status":"closed","template":"","meta":{"footnotes":""},"class_list":["post-14028","page","type-page","status-publish","hentry"],"_links":{"self":[{"href":"https:\/\/wh25.chill4.com\/it\/wp-json\/wp\/v2\/pages\/14028","targetHints":{"allow":["GET"]}}],"collection":[{"href":"https:\/\/wh25.chill4.com\/it\/wp-json\/wp\/v2\/pages"}],"about":[{"href":"https:\/\/wh25.chill4.com\/it\/wp-json\/wp\/v2\/types\/page"}],"author":[{"embeddable":true,"href":"https:\/\/wh25.chill4.com\/it\/wp-json\/wp\/v2\/users\/1"}],"replies":[{"embeddable":true,"href":"https:\/\/wh25.chill4.com\/it\/wp-json\/wp\/v2\/comments?post=14028"}],"version-history":[{"count":4,"href":"https:\/\/wh25.chill4.com\/it\/wp-json\/wp\/v2\/pages\/14028\/revisions"}],"predecessor-version":[{"id":14357,"href":"https:\/\/wh25.chill4.com\/it\/wp-json\/wp\/v2\/pages\/14028\/revisions\/14357"}],"wp:attachment":[{"href":"https:\/\/wh25.chill4.com\/it\/wp-json\/wp\/v2\/media?parent=14028"}],"curies":[{"name":"wp","href":"https:\/\/api.w.org\/{rel}","templated":true}]}}